{"id":15,"date":"2011-12-02T12:58:55","date_gmt":"2011-12-02T11:58:55","guid":{"rendered":"https:\/\/www.gbfoodricercasviluppo.com\/francais\/?page_id=15"},"modified":"2013-11-20T14:33:34","modified_gmt":"2013-11-20T13:33:34","slug":"contactez-nouz","status":"publish","type":"page","link":"https:\/\/www.gbfoodricercasviluppo.com\/francais\/contactez-nouz\/","title":{"rendered":"Contactez Nous"},"content":{"rendered":"<h1>Contactez Nous<\/h1>\n\n<div class=\"wpcf7 no-js\" id=\"wpcf7-f4-o1\" lang=\"en-US\" dir=\"ltr\">\n<div class=\"screen-reader-response\"><p role=\"status\" aria-live=\"polite\" aria-atomic=\"true\"><\/p> <ul><\/ul><\/div>\n<form action=\"\/francais\/wp-json\/wp\/v2\/pages\/15#wpcf7-f4-o1\" method=\"post\" class=\"wpcf7-form init\" aria-label=\"Contact form\" novalidate=\"novalidate\" data-status=\"init\">\n<div style=\"display: none;\">\n<input type=\"hidden\" name=\"_wpcf7\" value=\"4\" \/>\n<input type=\"hidden\" name=\"_wpcf7_version\" value=\"5.9.2\" \/>\n<input type=\"hidden\" name=\"_wpcf7_locale\" value=\"en_US\" \/>\n<input type=\"hidden\" name=\"_wpcf7_unit_tag\" value=\"wpcf7-f4-o1\" \/>\n<input type=\"hidden\" name=\"_wpcf7_container_post\" value=\"0\" \/>\n<input type=\"hidden\" name=\"_wpcf7_posted_data_hash\" value=\"\" \/>\n<input type=\"hidden\" name=\"_wpcf7_recaptcha_response\" value=\"\" \/>\n<\/div>\n<p>Nom et Prenom *\n<\/p>\n<p><span class=\"wpcf7-form-control-wrap\" data-name=\"your-name\"><input size=\"40\" class=\"wpcf7-form-control wpcf7-text wpcf7-validates-as-required\" aria-required=\"true\" aria-invalid=\"false\" value=\"\" type=\"text\" name=\"your-name\" \/><\/span>\n<\/p>\n<p>Soci\u00e9t\u00e9<br \/>\n<span class=\"wpcf7-form-control-wrap\" data-name=\"NomeAzienda\"><input size=\"40\" class=\"wpcf7-form-control wpcf7-text\" aria-invalid=\"false\" value=\"\" type=\"text\" name=\"NomeAzienda\" \/><\/span>\n<\/p>\n<p>Address<br \/>\n<span class=\"wpcf7-form-control-wrap\" data-name=\"indirizzo\"><input size=\"40\" class=\"wpcf7-form-control wpcf7-text\" aria-invalid=\"false\" value=\"\" type=\"text\" name=\"indirizzo\" \/><\/span>\n<\/p>\n<p>Ville<br \/>\n<span class=\"wpcf7-form-control-wrap\" data-name=\"citta\"><input size=\"40\" class=\"wpcf7-form-control wpcf7-text\" aria-invalid=\"false\" value=\"\" type=\"text\" name=\"citta\" \/><\/span>\n<\/p>\n<p>Pays<br \/>\n<span class=\"wpcf7-form-control-wrap\" data-name=\"prov\"><input size=\"40\" class=\"wpcf7-form-control wpcf7-text\" aria-invalid=\"false\" value=\"\" type=\"text\" name=\"prov\" \/><\/span>\n<\/p>\n<p>Num\u00e9ro de t\u00e9l\u00e9phone<br \/>\n<span class=\"wpcf7-form-control-wrap\" data-name=\"telefono\"><input size=\"40\" class=\"wpcf7-form-control wpcf7-tel wpcf7-text wpcf7-validates-as-tel\" aria-invalid=\"false\" value=\"\" type=\"tel\" name=\"telefono\" \/><\/span>\n<\/p>\n<p>Fax<br \/>\n<span class=\"wpcf7-form-control-wrap\" data-name=\"fax\"><input size=\"40\" class=\"wpcf7-form-control wpcf7-text\" aria-invalid=\"false\" value=\"\" type=\"text\" name=\"fax\" \/><\/span>\n<\/p>\n<p>Email *\n<\/p>\n<p><span class=\"wpcf7-form-control-wrap\" data-name=\"your-email\"><input size=\"40\" class=\"wpcf7-form-control wpcf7-email wpcf7-validates-as-required wpcf7-text wpcf7-validates-as-email\" aria-required=\"true\" aria-invalid=\"false\" value=\"\" type=\"email\" name=\"your-email\" \/><\/span>\n<\/p>\n<p>Message\n<\/p>\n<p><span class=\"wpcf7-form-control-wrap\" data-name=\"your-message\"><textarea cols=\"40\" rows=\"10\" class=\"wpcf7-form-control wpcf7-textarea\" aria-invalid=\"false\" name=\"your-message\"><\/textarea><\/span>\n<\/p>\n<p><span class=\"wpcf7-form-control-wrap\" data-name=\"acceptance-714\"><span class=\"wpcf7-form-control wpcf7-acceptance\"><span class=\"wpcf7-list-item\"><input type=\"checkbox\" name=\"acceptance-714\" value=\"1\" aria-invalid=\"false\" \/><\/span><\/span><\/span><br \/>\n<span style=\"font-size:80%;\">Je suis d\u2019accord pour envoyer mes donn\u00e9es (Votre confirmation est n\u00e9cessaire pour confirmer votre demande. Vos donn\u00e9es seront utilis\u00e9es exclusivement pour r\u00e9pondre \u00e0 votre demande) - <a href=\"https:\/\/www.gbfoodricercasviluppo.com\/privacy\/\" target=\"_blank\">Privacy<\/a><\/span>\n<\/p>\n\n<p><input class=\"wpcf7-form-control wpcf7-submit has-spinner\" type=\"submit\" value=\"Envoyer\" \/>\n<\/p><div class=\"wpcf7-response-output\" aria-hidden=\"true\"><\/div>\n<\/form>\n<\/div>\n\n<p><strong>GB Studio<\/strong><br \/>\nUn tutor est \u00e0 disposition des clients qui n\u00e9c\u00e9ssitent une r\u00e9ponse au probl\u00e8mes qui concernent le cycle de production, les lignes ou le produit.<\/p>\n<p>&#8230;le client d\u00e9mande&#8230; GB Studio r\u00e9pond.<br \/>\nN&rsquo;\u00e9sitez pas \u00e0 nous contacer pour toute n\u00e9c\u00e9ssit\u00e9.<\/p>\n<p>Email: daria.agosto@gbfood.it<\/p>\n","protected":false},"excerpt":{"rendered":"<p>Contactez Nous GB Studio Un tutor est \u00e0 disposition des clients qui n\u00e9c\u00e9ssitent une r\u00e9ponse au probl\u00e8mes qui concernent le cycle de production, les lignes ou le produit. &#8230;le client d\u00e9mande&#8230; GB Studio r\u00e9pond. N&rsquo;\u00e9sitez pas \u00e0 nous contacer pour toute n\u00e9c\u00e9ssit\u00e9. Email: daria.agosto@gbfood.it<\/p>\n","protected":false},"author":1,"featured_media":0,"parent":0,"menu_order":7,"comment_status":"open","ping_status":"open","template":"","meta":{"footnotes":""},"yoast_head":"<!-- This site is optimized with the Yoast SEO plugin v22.2 - https:\/\/yoast.com\/wordpress\/plugins\/seo\/ -->\n<title>Nouveaux produits GB Food and Technology<\/title>\n<meta name=\"description\" content=\"Un tutor est \u00e0 disposition des clients qui n\u00e9c\u00e9ssitent une r\u00e9ponse au probl\u00e8mes. Tel: 0143-489635 - Fax 0143-489901 Email: daria.agosto@gbfood.it\" \/>\n<meta name=\"robots\" content=\"index, follow, max-snippet:-1, max-image-preview:large, max-video-preview:-1\" \/>\n<link rel=\"canonical\" href=\"https:\/\/www.gbfoodricercasviluppo.com\/francais\/contactez-nouz\/\" \/>\n<meta property=\"og:locale\" content=\"fr_FR\" \/>\n<meta property=\"og:type\" content=\"article\" \/>\n<meta property=\"og:title\" content=\"Nouveaux produits GB Food and Technology\" \/>\n<meta property=\"og:description\" content=\"Un tutor est \u00e0 disposition des clients qui n\u00e9c\u00e9ssitent une r\u00e9ponse au probl\u00e8mes. Tel: 0143-489635 - Fax 0143-489901 Email: daria.agosto@gbfood.it\" \/>\n<meta property=\"og:url\" content=\"https:\/\/www.gbfoodricercasviluppo.com\/francais\/contactez-nouz\/\" \/>\n<meta property=\"article:modified_time\" content=\"2013-11-20T13:33:34+00:00\" \/>\n<meta name=\"twitter:card\" content=\"summary_large_image\" \/>\n<script type=\"application\/ld+json\" class=\"yoast-schema-graph\">{\"@context\":\"https:\/\/schema.org\",\"@graph\":[{\"@type\":\"WebPage\",\"@id\":\"https:\/\/www.gbfoodricercasviluppo.com\/francais\/contactez-nouz\/\",\"url\":\"https:\/\/www.gbfoodricercasviluppo.com\/francais\/contactez-nouz\/\",\"name\":\"Nouveaux produits GB Food and Technology\",\"isPartOf\":{\"@id\":\"https:\/\/www.gbfoodricercasviluppo.com\/francais\/#website\"},\"datePublished\":\"2011-12-02T11:58:55+00:00\",\"dateModified\":\"2013-11-20T13:33:34+00:00\",\"description\":\"Un tutor est \u00e0 disposition des clients qui n\u00e9c\u00e9ssitent une r\u00e9ponse au probl\u00e8mes. Tel: 0143-489635 - Fax 0143-489901 Email: daria.agosto@gbfood.it\",\"breadcrumb\":{\"@id\":\"https:\/\/www.gbfoodricercasviluppo.com\/francais\/contactez-nouz\/#breadcrumb\"},\"inLanguage\":\"fr-FR\",\"potentialAction\":[{\"@type\":\"ReadAction\",\"target\":[\"https:\/\/www.gbfoodricercasviluppo.com\/francais\/contactez-nouz\/\"]}]},{\"@type\":\"BreadcrumbList\",\"@id\":\"https:\/\/www.gbfoodricercasviluppo.com\/francais\/contactez-nouz\/#breadcrumb\",\"itemListElement\":[{\"@type\":\"ListItem\",\"position\":1,\"name\":\"Home\",\"item\":\"https:\/\/www.gbfoodricercasviluppo.com\/francais\/\"},{\"@type\":\"ListItem\",\"position\":2,\"name\":\"Contactez Nous\"}]},{\"@type\":\"WebSite\",\"@id\":\"https:\/\/www.gbfoodricercasviluppo.com\/francais\/#website\",\"url\":\"https:\/\/www.gbfoodricercasviluppo.com\/francais\/\",\"name\":\"\",\"description\":\"\",\"potentialAction\":[{\"@type\":\"SearchAction\",\"target\":{\"@type\":\"EntryPoint\",\"urlTemplate\":\"https:\/\/www.gbfoodricercasviluppo.com\/francais\/?s={search_term_string}\"},\"query-input\":\"required name=search_term_string\"}],\"inLanguage\":\"fr-FR\"}]}<\/script>\n<!-- \/ Yoast SEO plugin. -->","yoast_head_json":{"title":"Nouveaux produits GB Food and Technology","description":"Un tutor est \u00e0 disposition des clients qui n\u00e9c\u00e9ssitent une r\u00e9ponse au probl\u00e8mes. Tel: 0143-489635 - Fax 0143-489901 Email: daria.agosto@gbfood.it","robots":{"index":"index","follow":"follow","max-snippet":"max-snippet:-1","max-image-preview":"max-image-preview:large","max-video-preview":"max-video-preview:-1"},"canonical":"https:\/\/www.gbfoodricercasviluppo.com\/francais\/contactez-nouz\/","og_locale":"fr_FR","og_type":"article","og_title":"Nouveaux produits GB Food and Technology","og_description":"Un tutor est \u00e0 disposition des clients qui n\u00e9c\u00e9ssitent une r\u00e9ponse au probl\u00e8mes. Tel: 0143-489635 - Fax 0143-489901 Email: daria.agosto@gbfood.it","og_url":"https:\/\/www.gbfoodricercasviluppo.com\/francais\/contactez-nouz\/","article_modified_time":"2013-11-20T13:33:34+00:00","twitter_card":"summary_large_image","schema":{"@context":"https:\/\/schema.org","@graph":[{"@type":"WebPage","@id":"https:\/\/www.gbfoodricercasviluppo.com\/francais\/contactez-nouz\/","url":"https:\/\/www.gbfoodricercasviluppo.com\/francais\/contactez-nouz\/","name":"Nouveaux produits GB Food and Technology","isPartOf":{"@id":"https:\/\/www.gbfoodricercasviluppo.com\/francais\/#website"},"datePublished":"2011-12-02T11:58:55+00:00","dateModified":"2013-11-20T13:33:34+00:00","description":"Un tutor est \u00e0 disposition des clients qui n\u00e9c\u00e9ssitent une r\u00e9ponse au probl\u00e8mes. Tel: 0143-489635 - Fax 0143-489901 Email: daria.agosto@gbfood.it","breadcrumb":{"@id":"https:\/\/www.gbfoodricercasviluppo.com\/francais\/contactez-nouz\/#breadcrumb"},"inLanguage":"fr-FR","potentialAction":[{"@type":"ReadAction","target":["https:\/\/www.gbfoodricercasviluppo.com\/francais\/contactez-nouz\/"]}]},{"@type":"BreadcrumbList","@id":"https:\/\/www.gbfoodricercasviluppo.com\/francais\/contactez-nouz\/#breadcrumb","itemListElement":[{"@type":"ListItem","position":1,"name":"Home","item":"https:\/\/www.gbfoodricercasviluppo.com\/francais\/"},{"@type":"ListItem","position":2,"name":"Contactez Nous"}]},{"@type":"WebSite","@id":"https:\/\/www.gbfoodricercasviluppo.com\/francais\/#website","url":"https:\/\/www.gbfoodricercasviluppo.com\/francais\/","name":"","description":"","potentialAction":[{"@type":"SearchAction","target":{"@type":"EntryPoint","urlTemplate":"https:\/\/www.gbfoodricercasviluppo.com\/francais\/?s={search_term_string}"},"query-input":"required name=search_term_string"}],"inLanguage":"fr-FR"}]}},"_links":{"self":[{"href":"https:\/\/www.gbfoodricercasviluppo.com\/francais\/wp-json\/wp\/v2\/pages\/15"}],"collection":[{"href":"https:\/\/www.gbfoodricercasviluppo.com\/francais\/wp-json\/wp\/v2\/pages"}],"about":[{"href":"https:\/\/www.gbfoodricercasviluppo.com\/francais\/wp-json\/wp\/v2\/types\/page"}],"author":[{"embeddable":true,"href":"https:\/\/www.gbfoodricercasviluppo.com\/francais\/wp-json\/wp\/v2\/users\/1"}],"replies":[{"embeddable":true,"href":"https:\/\/www.gbfoodricercasviluppo.com\/francais\/wp-json\/wp\/v2\/comments?post=15"}],"version-history":[{"count":0,"href":"https:\/\/www.gbfoodricercasviluppo.com\/francais\/wp-json\/wp\/v2\/pages\/15\/revisions"}],"wp:attachment":[{"href":"https:\/\/www.gbfoodricercasviluppo.com\/francais\/wp-json\/wp\/v2\/media?parent=15"}],"curies":[{"name":"wp","href":"https:\/\/api.w.org\/{rel}","templated":true}]}}