{"id":19,"date":"2011-12-02T13:05:59","date_gmt":"2011-12-02T12:05:59","guid":{"rendered":"https:\/\/www.gbfoodricercasviluppo.com\/francais\/?page_id=19"},"modified":"2013-11-20T13:26:25","modified_gmt":"2013-11-20T12:26:25","slug":"laboratory","status":"publish","type":"page","link":"https:\/\/www.gbfoodricercasviluppo.com\/francais\/laboratory\/","title":{"rendered":"Laboratorie"},"content":{"rendered":"<h1>GB STUDIO new laboratory, 800 m of advanced technology<\/h1>\n<p>GB STUDIO dispose d&rsquo;un laboratoire unique dans son genre, structur\u00e9 avec un but pr\u00e9cis: mettre \u00e0 disposition des id\u00e9es tous les moyens pour les faire devenir r\u00e9elles, de la fa\u00e7on la plus flexible et efficace possible.<br \/>\n<img decoding=\"async\" loading=\"lazy\" class=\"aligncenter size-full wp-image-424\" title=\"il-laboratorio\" src=\"https:\/\/www.gbfoodricercasviluppo.com\/francais\/wp-content\/uploads\/2011\/12\/il-laboratorio.png\" alt=\"\" width=\"408\" height=\"300\" srcset=\"https:\/\/www.gbfoodricercasviluppo.com\/francais\/wp-content\/uploads\/2011\/12\/il-laboratorio.png 408w, https:\/\/www.gbfoodricercasviluppo.com\/francais\/wp-content\/uploads\/2011\/12\/il-laboratorio-300x220.png 300w\" sizes=\"(max-width: 408px) 100vw, 408px\" \/><\/p>\n<p>Le laboratoire est ax\u00e9 sur 4 principales aires fonctionnelles:<\/p>\n<ul>\n<li><a href=\"https:\/\/www.gbfoodricercasviluppo.com\/francais\/laboratory\/calibrer-la-recette\/\">Inventer et Calibrer La Recette<\/a><\/li>\n<li><a href=\"https:\/\/www.gbfoodricercasviluppo.com\/francais\/laboratory\/incorporer-technologie\/\">Incorporer du Service Grace a la Technologie<\/a><\/li>\n<li><a href=\"https:\/\/www.gbfoodricercasviluppo.com\/francais\/laboratory\/strategies-conservation\/\">Confectionner Conserver &#8211; Strat\u00e9gies de conservation<\/a><\/li>\n<li><a href=\"https:\/\/www.gbfoodricercasviluppo.com\/francais\/laboratory\/materies-premieres\/\">Mati\u00e8res Premi\u00e8res: Gouter, Verifier, Presenter<\/a><\/li>\n<li><a href=\"https:\/\/www.gbfoodricercasviluppo.com\/francais\/laboratory\/gouter\/\">Centrer l\u2019objectif: go\u00fbter, contr\u00f4ler, pr\u00e9senter<\/a><\/li>\n<\/ul>\n","protected":false},"excerpt":{"rendered":"<p>GB STUDIO new laboratory, 800 m of advanced technology GB STUDIO dispose d&rsquo;un laboratoire unique dans son genre, structur\u00e9 avec un but pr\u00e9cis: mettre \u00e0 disposition des id\u00e9es tous les moyens pour les faire devenir r\u00e9elles, de la fa\u00e7on la plus flexible et efficace possible. Le laboratoire est ax\u00e9 sur 4 principales aires fonctionnelles: Inventer [&hellip;]<\/p>\n","protected":false},"author":1,"featured_media":0,"parent":0,"menu_order":4,"comment_status":"open","ping_status":"open","template":"","meta":{"footnotes":""},"yoast_head":"<!-- This site is optimized with the Yoast SEO plugin v22.2 - https:\/\/yoast.com\/wordpress\/plugins\/seo\/ -->\n<title>Laboratoire pour Inventer et Calibrer La Recette - GB Food<\/title>\n<meta name=\"description\" content=\"GB STUDIO dispose d&#039;un laboratoire unique dans son genre, structur\u00e9 avec un but pr\u00e9cis: mettre \u00e0 disposition des id\u00e9es tous les moyens pour les faire devenir r\u00e9elles, de la fa\u00e7on la plus flexible et efficace possible.\" \/>\n<meta name=\"robots\" content=\"index, follow, max-snippet:-1, max-image-preview:large, max-video-preview:-1\" \/>\n<link rel=\"canonical\" href=\"https:\/\/www.gbfoodricercasviluppo.com\/francais\/laboratory\/\" \/>\n<meta property=\"og:locale\" content=\"fr_FR\" \/>\n<meta property=\"og:type\" content=\"article\" \/>\n<meta property=\"og:title\" content=\"Laboratoire pour Inventer et Calibrer La Recette - GB Food\" \/>\n<meta property=\"og:description\" content=\"GB STUDIO dispose d&#039;un laboratoire unique dans son genre, structur\u00e9 avec un but pr\u00e9cis: mettre \u00e0 disposition des id\u00e9es tous les moyens pour les faire devenir r\u00e9elles, de la fa\u00e7on la plus flexible et efficace possible.\" \/>\n<meta property=\"og:url\" content=\"https:\/\/www.gbfoodricercasviluppo.com\/francais\/laboratory\/\" \/>\n<meta property=\"article:modified_time\" content=\"2013-11-20T12:26:25+00:00\" \/>\n<meta property=\"og:image\" content=\"https:\/\/www.gbfoodricercasviluppo.com\/francais\/wp-content\/uploads\/2011\/12\/il-laboratorio.png\" \/>\n<meta name=\"twitter:card\" content=\"summary_large_image\" \/>\n<script type=\"application\/ld+json\" class=\"yoast-schema-graph\">{\"@context\":\"https:\/\/schema.org\",\"@graph\":[{\"@type\":\"WebPage\",\"@id\":\"https:\/\/www.gbfoodricercasviluppo.com\/francais\/laboratory\/\",\"url\":\"https:\/\/www.gbfoodricercasviluppo.com\/francais\/laboratory\/\",\"name\":\"Laboratoire pour Inventer et Calibrer La Recette - GB Food\",\"isPartOf\":{\"@id\":\"https:\/\/www.gbfoodricercasviluppo.com\/francais\/#website\"},\"primaryImageOfPage\":{\"@id\":\"https:\/\/www.gbfoodricercasviluppo.com\/francais\/laboratory\/#primaryimage\"},\"image\":{\"@id\":\"https:\/\/www.gbfoodricercasviluppo.com\/francais\/laboratory\/#primaryimage\"},\"thumbnailUrl\":\"https:\/\/www.gbfoodricercasviluppo.com\/francais\/wp-content\/uploads\/2011\/12\/il-laboratorio.png\",\"datePublished\":\"2011-12-02T12:05:59+00:00\",\"dateModified\":\"2013-11-20T12:26:25+00:00\",\"description\":\"GB STUDIO dispose d'un laboratoire unique dans son genre, structur\u00e9 avec un but pr\u00e9cis: mettre \u00e0 disposition des id\u00e9es tous les moyens pour les faire devenir r\u00e9elles, de la fa\u00e7on la plus flexible et efficace possible.\",\"breadcrumb\":{\"@id\":\"https:\/\/www.gbfoodricercasviluppo.com\/francais\/laboratory\/#breadcrumb\"},\"inLanguage\":\"fr-FR\",\"potentialAction\":[{\"@type\":\"ReadAction\",\"target\":[\"https:\/\/www.gbfoodricercasviluppo.com\/francais\/laboratory\/\"]}]},{\"@type\":\"ImageObject\",\"inLanguage\":\"fr-FR\",\"@id\":\"https:\/\/www.gbfoodricercasviluppo.com\/francais\/laboratory\/#primaryimage\",\"url\":\"https:\/\/www.gbfoodricercasviluppo.com\/francais\/wp-content\/uploads\/2011\/12\/il-laboratorio.png\",\"contentUrl\":\"https:\/\/www.gbfoodricercasviluppo.com\/francais\/wp-content\/uploads\/2011\/12\/il-laboratorio.png\",\"width\":\"408\",\"height\":\"300\"},{\"@type\":\"BreadcrumbList\",\"@id\":\"https:\/\/www.gbfoodricercasviluppo.com\/francais\/laboratory\/#breadcrumb\",\"itemListElement\":[{\"@type\":\"ListItem\",\"position\":1,\"name\":\"Home\",\"item\":\"https:\/\/www.gbfoodricercasviluppo.com\/francais\/\"},{\"@type\":\"ListItem\",\"position\":2,\"name\":\"Laboratorie\"}]},{\"@type\":\"WebSite\",\"@id\":\"https:\/\/www.gbfoodricercasviluppo.com\/francais\/#website\",\"url\":\"https:\/\/www.gbfoodricercasviluppo.com\/francais\/\",\"name\":\"\",\"description\":\"\",\"potentialAction\":[{\"@type\":\"SearchAction\",\"target\":{\"@type\":\"EntryPoint\",\"urlTemplate\":\"https:\/\/www.gbfoodricercasviluppo.com\/francais\/?s={search_term_string}\"},\"query-input\":\"required name=search_term_string\"}],\"inLanguage\":\"fr-FR\"}]}<\/script>\n<!-- \/ Yoast SEO plugin. -->","yoast_head_json":{"title":"Laboratoire pour Inventer et Calibrer La Recette - GB Food","description":"GB STUDIO dispose d'un laboratoire unique dans son genre, structur\u00e9 avec un but pr\u00e9cis: mettre \u00e0 disposition des id\u00e9es tous les moyens pour les faire devenir r\u00e9elles, de la fa\u00e7on la plus flexible et efficace possible.","robots":{"index":"index","follow":"follow","max-snippet":"max-snippet:-1","max-image-preview":"max-image-preview:large","max-video-preview":"max-video-preview:-1"},"canonical":"https:\/\/www.gbfoodricercasviluppo.com\/francais\/laboratory\/","og_locale":"fr_FR","og_type":"article","og_title":"Laboratoire pour Inventer et Calibrer La Recette - GB Food","og_description":"GB STUDIO dispose d'un laboratoire unique dans son genre, structur\u00e9 avec un but pr\u00e9cis: mettre \u00e0 disposition des id\u00e9es tous les moyens pour les faire devenir r\u00e9elles, de la fa\u00e7on la plus flexible et efficace possible.","og_url":"https:\/\/www.gbfoodricercasviluppo.com\/francais\/laboratory\/","article_modified_time":"2013-11-20T12:26:25+00:00","og_image":[{"url":"https:\/\/www.gbfoodricercasviluppo.com\/francais\/wp-content\/uploads\/2011\/12\/il-laboratorio.png"}],"twitter_card":"summary_large_image","schema":{"@context":"https:\/\/schema.org","@graph":[{"@type":"WebPage","@id":"https:\/\/www.gbfoodricercasviluppo.com\/francais\/laboratory\/","url":"https:\/\/www.gbfoodricercasviluppo.com\/francais\/laboratory\/","name":"Laboratoire pour Inventer et Calibrer La Recette - GB Food","isPartOf":{"@id":"https:\/\/www.gbfoodricercasviluppo.com\/francais\/#website"},"primaryImageOfPage":{"@id":"https:\/\/www.gbfoodricercasviluppo.com\/francais\/laboratory\/#primaryimage"},"image":{"@id":"https:\/\/www.gbfoodricercasviluppo.com\/francais\/laboratory\/#primaryimage"},"thumbnailUrl":"https:\/\/www.gbfoodricercasviluppo.com\/francais\/wp-content\/uploads\/2011\/12\/il-laboratorio.png","datePublished":"2011-12-02T12:05:59+00:00","dateModified":"2013-11-20T12:26:25+00:00","description":"GB STUDIO dispose d'un laboratoire unique dans son genre, structur\u00e9 avec un but pr\u00e9cis: mettre \u00e0 disposition des id\u00e9es tous les moyens pour les faire devenir r\u00e9elles, de la fa\u00e7on la plus flexible et efficace possible.","breadcrumb":{"@id":"https:\/\/www.gbfoodricercasviluppo.com\/francais\/laboratory\/#breadcrumb"},"inLanguage":"fr-FR","potentialAction":[{"@type":"ReadAction","target":["https:\/\/www.gbfoodricercasviluppo.com\/francais\/laboratory\/"]}]},{"@type":"ImageObject","inLanguage":"fr-FR","@id":"https:\/\/www.gbfoodricercasviluppo.com\/francais\/laboratory\/#primaryimage","url":"https:\/\/www.gbfoodricercasviluppo.com\/francais\/wp-content\/uploads\/2011\/12\/il-laboratorio.png","contentUrl":"https:\/\/www.gbfoodricercasviluppo.com\/francais\/wp-content\/uploads\/2011\/12\/il-laboratorio.png","width":"408","height":"300"},{"@type":"BreadcrumbList","@id":"https:\/\/www.gbfoodricercasviluppo.com\/francais\/laboratory\/#breadcrumb","itemListElement":[{"@type":"ListItem","position":1,"name":"Home","item":"https:\/\/www.gbfoodricercasviluppo.com\/francais\/"},{"@type":"ListItem","position":2,"name":"Laboratorie"}]},{"@type":"WebSite","@id":"https:\/\/www.gbfoodricercasviluppo.com\/francais\/#website","url":"https:\/\/www.gbfoodricercasviluppo.com\/francais\/","name":"","description":"","potentialAction":[{"@type":"SearchAction","target":{"@type":"EntryPoint","urlTemplate":"https:\/\/www.gbfoodricercasviluppo.com\/francais\/?s={search_term_string}"},"query-input":"required name=search_term_string"}],"inLanguage":"fr-FR"}]}},"_links":{"self":[{"href":"https:\/\/www.gbfoodricercasviluppo.com\/francais\/wp-json\/wp\/v2\/pages\/19"}],"collection":[{"href":"https:\/\/www.gbfoodricercasviluppo.com\/francais\/wp-json\/wp\/v2\/pages"}],"about":[{"href":"https:\/\/www.gbfoodricercasviluppo.com\/francais\/wp-json\/wp\/v2\/types\/page"}],"author":[{"embeddable":true,"href":"https:\/\/www.gbfoodricercasviluppo.com\/francais\/wp-json\/wp\/v2\/users\/1"}],"replies":[{"embeddable":true,"href":"https:\/\/www.gbfoodricercasviluppo.com\/francais\/wp-json\/wp\/v2\/comments?post=19"}],"version-history":[{"count":0,"href":"https:\/\/www.gbfoodricercasviluppo.com\/francais\/wp-json\/wp\/v2\/pages\/19\/revisions"}],"wp:attachment":[{"href":"https:\/\/www.gbfoodricercasviluppo.com\/francais\/wp-json\/wp\/v2\/media?parent=19"}],"curies":[{"name":"wp","href":"https:\/\/api.w.org\/{rel}","templated":true}]}}