{"id":2,"date":"2011-11-24T14:03:39","date_gmt":"2011-11-24T14:03:39","guid":{"rendered":"https:\/\/www.gbfoodricercasviluppo.com\/francais\/?page_id=2"},"modified":"2013-11-20T14:17:09","modified_gmt":"2013-11-20T13:17:09","slug":"pagina-di-esempio","status":"publish","type":"page","link":"https:\/\/www.gbfoodricercasviluppo.com\/francais\/","title":{"rendered":"Home"},"content":{"rendered":"<h1 style=\"text-align: center; font-size: 150%; margin-bottom: 15px;\">Recherche et D\u00e9veloppement Produits alimentaires<br \/>Pourquoi innover? Comment innover?<\/h1>\n<h2>Savoir<\/h2>\n<ul>\n<li>Nous analysons l&rsquo;industrie, l&rsquo;environnement concurrentiel, la dynamique \u00e9volutive en place, le potentiel de d\u00e9veloppement.<\/li>\n<li>Nous analysons les march\u00e9s et canaux, nous \u00e9tudions l&rsquo;existant en Italie et \u00e0 l&rsquo;\u00e9tranger, et nous Faison \u2018benchmark\u2019 (comparer les soci\u00e9t\u00e9s et de produits).<\/li>\n<liNous analysons la situation du client actuel, ses forces, ses faiblesses, ses possibilit\u00e9s, son \u00e9tat de sant\u00e9 sur le march\u00e9 (et non l'aspect financier).<\/li>\n<\/ul>\n<p>&nbsp;<\/p>\n<h2>Conception<\/h2>\n<ul>\n<li>Nous essayons de comprendre ce qu&rsquo;il peut faire cro\u00eetre la client\u00e8le, ou \u00e0 innover dans le processus, les produits, la technologie et l&rsquo;approche du march\u00e9.<\/li>\n<li>Nous proposons des produits et des services innovants, en accord avec votre style.<\/li>\n<li>Avec des designs sur mesure de formation en marketing, nous vous aidons \u00e0 d\u00e9velopper vos ressources internes en conformit\u00e9 avec les nouveaux objectifs.<\/li>\n<\/ul>\n<p>&nbsp;<\/p>\n<h3>Faire<\/h3>\n<ul>\n<li>Nous faisons essayer les id\u00e9es, c\u2019est \u00e0 dire que nous produisons des \u00e9chantillons de nouveaux produits afin de les tester et de voir se le consommateur aime les nouveaux produits.<\/li>\n<li>Nous choisissons le meilleur de la technologie pour ce produit ou nous pouvons vous aider \u00e0 mieux utiliser ce que vous avez d\u00e9j\u00e0.<\/li>\n<li>Nous vous assistons dans la production pilote.<\/li>\n<li>Nous vous aidons \u00e0 trouver des fournisseurs de mati\u00e8res premi\u00e8res.<\/li>\n<li>Nous vous aidons \u00e0 faire des profits ou des pertes du produit de d\u00e9terminer le prix de vente \u00e0 l&rsquo;avance et de comprendre vos marges sur les produits.<\/li>\n<li>Nous vous aidons \u00e0 choisir les canaux de vente les plus appropri\u00e9es.<\/li>\n<\/ul>\n","protected":false},"excerpt":{"rendered":"<p>Recherche et D\u00e9veloppement Produits alimentairesPourquoi innover? Comment innover? Savoir Nous analysons l&rsquo;industrie, l&rsquo;environnement concurrentiel, la dynamique \u00e9volutive en place, le potentiel de d\u00e9veloppement. Nous analysons les march\u00e9s et canaux, nous \u00e9tudions l&rsquo;existant en Italie et \u00e0 l&rsquo;\u00e9tranger, et nous Faison \u2018benchmark\u2019 (comparer les soci\u00e9t\u00e9s et de produits).<\/p>\n","protected":false},"author":1,"featured_media":0,"parent":0,"menu_order":0,"comment_status":"open","ping_status":"open","template":"","meta":{"footnotes":""},"yoast_head":"<!-- This site is optimized with the Yoast SEO plugin v22.2 - https:\/\/yoast.com\/wordpress\/plugins\/seo\/ -->\n<title>Recherche et D\u00e9veloppement Produits alimentaires<\/title>\n<meta name=\"description\" content=\"Analisi di mercato, Progettazione per il cliente, Assaggio delle Idee, Produzione Pilota. GB Studio Srl - Food and Technology Tel: 0143-489635\" \/>\n<meta name=\"robots\" content=\"index, follow, max-snippet:-1, max-image-preview:large, max-video-preview:-1\" \/>\n<link rel=\"canonical\" href=\"https:\/\/www.gbfoodricercasviluppo.com\/francais\/\" \/>\n<meta property=\"og:locale\" content=\"fr_FR\" \/>\n<meta property=\"og:type\" content=\"article\" \/>\n<meta property=\"og:title\" content=\"Recherche et D\u00e9veloppement Produits alimentaires\" \/>\n<meta property=\"og:description\" content=\"Analisi di mercato, Progettazione per il cliente, Assaggio delle Idee, Produzione Pilota. GB Studio Srl - Food and Technology Tel: 0143-489635\" \/>\n<meta property=\"og:url\" content=\"https:\/\/www.gbfoodricercasviluppo.com\/francais\/\" \/>\n<meta property=\"article:modified_time\" content=\"2013-11-20T13:17:09+00:00\" \/>\n<meta name=\"twitter:card\" content=\"summary_large_image\" \/>\n<script type=\"application\/ld+json\" class=\"yoast-schema-graph\">{\"@context\":\"https:\/\/schema.org\",\"@graph\":[{\"@type\":\"WebPage\",\"@id\":\"https:\/\/www.gbfoodricercasviluppo.com\/francais\/\",\"url\":\"https:\/\/www.gbfoodricercasviluppo.com\/francais\/\",\"name\":\"Recherche et D\u00e9veloppement Produits alimentaires\",\"isPartOf\":{\"@id\":\"https:\/\/www.gbfoodricercasviluppo.com\/francais\/#website\"},\"datePublished\":\"2011-11-24T14:03:39+00:00\",\"dateModified\":\"2013-11-20T13:17:09+00:00\",\"description\":\"Analisi di mercato, Progettazione per il cliente, Assaggio delle Idee, Produzione Pilota. GB Studio Srl - Food and Technology Tel: 0143-489635\",\"breadcrumb\":{\"@id\":\"https:\/\/www.gbfoodricercasviluppo.com\/francais\/#breadcrumb\"},\"inLanguage\":\"fr-FR\",\"potentialAction\":[{\"@type\":\"ReadAction\",\"target\":[\"https:\/\/www.gbfoodricercasviluppo.com\/francais\/\"]}]},{\"@type\":\"BreadcrumbList\",\"@id\":\"https:\/\/www.gbfoodricercasviluppo.com\/francais\/#breadcrumb\",\"itemListElement\":[{\"@type\":\"ListItem\",\"position\":1,\"name\":\"Home\",\"item\":\"https:\/\/www.gbfoodricercasviluppo.com\/francais\/\"},{\"@type\":\"ListItem\",\"position\":2,\"name\":\"Home\"}]},{\"@type\":\"WebSite\",\"@id\":\"https:\/\/www.gbfoodricercasviluppo.com\/francais\/#website\",\"url\":\"https:\/\/www.gbfoodricercasviluppo.com\/francais\/\",\"name\":\"\",\"description\":\"\",\"potentialAction\":[{\"@type\":\"SearchAction\",\"target\":{\"@type\":\"EntryPoint\",\"urlTemplate\":\"https:\/\/www.gbfoodricercasviluppo.com\/francais\/?s={search_term_string}\"},\"query-input\":\"required name=search_term_string\"}],\"inLanguage\":\"fr-FR\"}]}<\/script>\n<!-- \/ Yoast SEO plugin. -->","yoast_head_json":{"title":"Recherche et D\u00e9veloppement Produits alimentaires","description":"Analisi di mercato, Progettazione per il cliente, Assaggio delle Idee, Produzione Pilota. GB Studio Srl - Food and Technology Tel: 0143-489635","robots":{"index":"index","follow":"follow","max-snippet":"max-snippet:-1","max-image-preview":"max-image-preview:large","max-video-preview":"max-video-preview:-1"},"canonical":"https:\/\/www.gbfoodricercasviluppo.com\/francais\/","og_locale":"fr_FR","og_type":"article","og_title":"Recherche et D\u00e9veloppement Produits alimentaires","og_description":"Analisi di mercato, Progettazione per il cliente, Assaggio delle Idee, Produzione Pilota. GB Studio Srl - Food and Technology Tel: 0143-489635","og_url":"https:\/\/www.gbfoodricercasviluppo.com\/francais\/","article_modified_time":"2013-11-20T13:17:09+00:00","twitter_card":"summary_large_image","schema":{"@context":"https:\/\/schema.org","@graph":[{"@type":"WebPage","@id":"https:\/\/www.gbfoodricercasviluppo.com\/francais\/","url":"https:\/\/www.gbfoodricercasviluppo.com\/francais\/","name":"Recherche et D\u00e9veloppement Produits alimentaires","isPartOf":{"@id":"https:\/\/www.gbfoodricercasviluppo.com\/francais\/#website"},"datePublished":"2011-11-24T14:03:39+00:00","dateModified":"2013-11-20T13:17:09+00:00","description":"Analisi di mercato, Progettazione per il cliente, Assaggio delle Idee, Produzione Pilota. GB Studio Srl - Food and Technology Tel: 0143-489635","breadcrumb":{"@id":"https:\/\/www.gbfoodricercasviluppo.com\/francais\/#breadcrumb"},"inLanguage":"fr-FR","potentialAction":[{"@type":"ReadAction","target":["https:\/\/www.gbfoodricercasviluppo.com\/francais\/"]}]},{"@type":"BreadcrumbList","@id":"https:\/\/www.gbfoodricercasviluppo.com\/francais\/#breadcrumb","itemListElement":[{"@type":"ListItem","position":1,"name":"Home","item":"https:\/\/www.gbfoodricercasviluppo.com\/francais\/"},{"@type":"ListItem","position":2,"name":"Home"}]},{"@type":"WebSite","@id":"https:\/\/www.gbfoodricercasviluppo.com\/francais\/#website","url":"https:\/\/www.gbfoodricercasviluppo.com\/francais\/","name":"","description":"","potentialAction":[{"@type":"SearchAction","target":{"@type":"EntryPoint","urlTemplate":"https:\/\/www.gbfoodricercasviluppo.com\/francais\/?s={search_term_string}"},"query-input":"required name=search_term_string"}],"inLanguage":"fr-FR"}]}},"_links":{"self":[{"href":"https:\/\/www.gbfoodricercasviluppo.com\/francais\/wp-json\/wp\/v2\/pages\/2"}],"collection":[{"href":"https:\/\/www.gbfoodricercasviluppo.com\/francais\/wp-json\/wp\/v2\/pages"}],"about":[{"href":"https:\/\/www.gbfoodricercasviluppo.com\/francais\/wp-json\/wp\/v2\/types\/page"}],"author":[{"embeddable":true,"href":"https:\/\/www.gbfoodricercasviluppo.com\/francais\/wp-json\/wp\/v2\/users\/1"}],"replies":[{"embeddable":true,"href":"https:\/\/www.gbfoodricercasviluppo.com\/francais\/wp-json\/wp\/v2\/comments?post=2"}],"version-history":[{"count":0,"href":"https:\/\/www.gbfoodricercasviluppo.com\/francais\/wp-json\/wp\/v2\/pages\/2\/revisions"}],"wp:attachment":[{"href":"https:\/\/www.gbfoodricercasviluppo.com\/francais\/wp-json\/wp\/v2\/media?parent=2"}],"curies":[{"name":"wp","href":"https:\/\/api.w.org\/{rel}","templated":true}]}}